{"id":21753,"date":"2019-03-26T09:28:08","date_gmt":"2019-03-26T09:28:08","guid":{"rendered":"https:\/\/www.staykooook.com\/bern-city\/host\/"},"modified":"2026-02-10T11:05:11","modified_gmt":"2026-02-10T10:05:11","slug":"ville","status":"publish","type":"page","link":"https:\/\/www.staykooook.com\/bern-city\/fr\/ville\/","title":{"rendered":"Ville"},"content":{"rendered":"","protected":false},"excerpt":{"rendered":"","protected":false},"author":1,"featured_media":0,"parent":0,"menu_order":0,"comment_status":"closed","ping_status":"closed","template":"page-hosts.php","meta":{"_acf_changed":false,"footnotes":""},"class_list":["post-21753","page","type-page","status-publish","hentry"],"acf":[],"yoast_head":"<!-- This site is optimized with the Yoast SEO plugin v27.1.1 - https:\/\/yoast.com\/product\/yoast-seo-wordpress\/ -->\n<title>Votre chez-vous temporaire | Stay KooooK Berne City<\/title>\n<meta name=\"description\" content=\"Stay KooooK Bern City propose des studios modernes et des espaces communs pens\u00e9s pour les voyages d\u2019affaires, city trips et les longs s\u00e9jours.\" \/>\n<meta name=\"robots\" content=\"index, follow, max-snippet:-1, max-image-preview:large, max-video-preview:-1\" \/>\n<link rel=\"canonical\" href=\"https:\/\/www.staykooook.com\/bern-city\/fr\/ville\/\" \/>\n<meta property=\"og:locale\" content=\"fr_FR\" \/>\n<meta property=\"og:type\" content=\"article\" \/>\n<meta property=\"og:title\" content=\"D\u00e9couvre Berne sous son meilleur jour - Stay KooooK Bern City\" \/>\n<meta property=\"og:description\" content=\"Tombe amoureux de la charmante vieille ville, des mus\u00e9es fascinants et des meilleurs restaurants gr\u00e2ce \u00e0 nos conseils et recommandations.\" \/>\n<meta property=\"og:url\" content=\"https:\/\/www.staykooook.com\/bern-city\/fr\/ville\/\" \/>\n<meta property=\"og:site_name\" content=\"Bern City\" \/>\n<meta property=\"article:modified_time\" content=\"2026-02-10T10:05:11+00:00\" \/>\n<meta property=\"og:image\" content=\"https:\/\/www.staykooook.com\/bern-city\/wp-content\/uploads\/sites\/10\/2022\/10\/header_brnel_city_web.jpg\" \/>\n\t<meta property=\"og:image:width\" content=\"1920\" \/>\n\t<meta property=\"og:image:height\" content=\"1200\" \/>\n\t<meta property=\"og:image:type\" content=\"image\/jpeg\" \/>\n<meta name=\"twitter:card\" content=\"summary_large_image\" \/>\n<meta name=\"twitter:title\" content=\"D\u00e9couvre Berne sous son meilleur jour - Stay KooooK Bern City\" \/>\n<meta name=\"twitter:description\" content=\"Tombe amoureux de la charmante vieille ville, des mus\u00e9es fascinants et des meilleurs restaurants gr\u00e2ce \u00e0 nos conseils et recommandations.\" \/>\n<meta name=\"twitter:image\" content=\"https:\/\/www.staykooook.com\/bern-city\/wp-content\/uploads\/sites\/10\/2022\/10\/header_brnel_city_web.jpg\" \/>\n<meta name=\"twitter:label1\" content=\"Dur\u00e9e de lecture estim\u00e9e\" \/>\n\t<meta name=\"twitter:data1\" content=\"1 minute\" \/>\n<script type=\"application\/ld+json\" class=\"yoast-schema-graph\">{\"@context\":\"https:\/\/schema.org\",\"@graph\":[{\"@type\":\"WebPage\",\"@id\":\"https:\/\/www.staykooook.com\/bern-city\/fr\/ville\/\",\"url\":\"https:\/\/www.staykooook.com\/bern-city\/fr\/ville\/\",\"name\":\"Votre chez-vous temporaire | Stay KooooK Berne City\",\"isPartOf\":{\"@id\":\"https:\/\/www.staykooook.com\/bern-city\/#website\"},\"datePublished\":\"2019-03-26T09:28:08+00:00\",\"dateModified\":\"2026-02-10T10:05:11+00:00\",\"description\":\"Stay KooooK Bern City propose des studios modernes et des espaces communs pens\u00e9s pour les voyages d\u2019affaires, city trips et les longs s\u00e9jours.\",\"breadcrumb\":{\"@id\":\"https:\/\/www.staykooook.com\/bern-city\/fr\/ville\/#breadcrumb\"},\"inLanguage\":\"fr-FR\",\"potentialAction\":[{\"@type\":\"ReadAction\",\"target\":[\"https:\/\/www.staykooook.com\/bern-city\/fr\/ville\/\"]}]},{\"@type\":\"BreadcrumbList\",\"@id\":\"https:\/\/www.staykooook.com\/bern-city\/fr\/ville\/#breadcrumb\",\"itemListElement\":[{\"@type\":\"ListItem\",\"position\":1,\"name\":\"Home\",\"item\":\"https:\/\/www.staykooook.com\/bern-city\/fr\/\"},{\"@type\":\"ListItem\",\"position\":2,\"name\":\"Ville\"}]},{\"@type\":\"WebSite\",\"@id\":\"https:\/\/www.staykooook.com\/bern-city\/#website\",\"url\":\"https:\/\/www.staykooook.com\/bern-city\/\",\"name\":\"Bern City\",\"description\":\"Just another KooooK site\",\"potentialAction\":[{\"@type\":\"SearchAction\",\"target\":{\"@type\":\"EntryPoint\",\"urlTemplate\":\"https:\/\/www.staykooook.com\/bern-city\/?s={search_term_string}\"},\"query-input\":{\"@type\":\"PropertyValueSpecification\",\"valueRequired\":true,\"valueName\":\"search_term_string\"}}],\"inLanguage\":\"fr-FR\"}]}<\/script>\n<!-- \/ Yoast SEO plugin. -->","yoast_head_json":{"title":"Votre chez-vous temporaire | Stay KooooK Berne City","description":"Stay KooooK Bern City propose des studios modernes et des espaces communs pens\u00e9s pour les voyages d\u2019affaires, city trips et les longs s\u00e9jours.","robots":{"index":"index","follow":"follow","max-snippet":"max-snippet:-1","max-image-preview":"max-image-preview:large","max-video-preview":"max-video-preview:-1"},"canonical":"https:\/\/www.staykooook.com\/bern-city\/fr\/ville\/","og_locale":"fr_FR","og_type":"article","og_title":"D\u00e9couvre Berne sous son meilleur jour - Stay KooooK Bern City","og_description":"Tombe amoureux de la charmante vieille ville, des mus\u00e9es fascinants et des meilleurs restaurants gr\u00e2ce \u00e0 nos conseils et recommandations.","og_url":"https:\/\/www.staykooook.com\/bern-city\/fr\/ville\/","og_site_name":"Bern City","article_modified_time":"2026-02-10T10:05:11+00:00","og_image":[{"width":1920,"height":1200,"url":"https:\/\/www.staykooook.com\/bern-city\/wp-content\/uploads\/sites\/10\/2022\/10\/header_brnel_city_web.jpg","type":"image\/jpeg"}],"twitter_card":"summary_large_image","twitter_title":"D\u00e9couvre Berne sous son meilleur jour - Stay KooooK Bern City","twitter_description":"Tombe amoureux de la charmante vieille ville, des mus\u00e9es fascinants et des meilleurs restaurants gr\u00e2ce \u00e0 nos conseils et recommandations.","twitter_image":"https:\/\/www.staykooook.com\/bern-city\/wp-content\/uploads\/sites\/10\/2022\/10\/header_brnel_city_web.jpg","twitter_misc":{"Dur\u00e9e de lecture estim\u00e9e":"1 minute"},"schema":{"@context":"https:\/\/schema.org","@graph":[{"@type":"WebPage","@id":"https:\/\/www.staykooook.com\/bern-city\/fr\/ville\/","url":"https:\/\/www.staykooook.com\/bern-city\/fr\/ville\/","name":"Votre chez-vous temporaire | Stay KooooK Berne City","isPartOf":{"@id":"https:\/\/www.staykooook.com\/bern-city\/#website"},"datePublished":"2019-03-26T09:28:08+00:00","dateModified":"2026-02-10T10:05:11+00:00","description":"Stay KooooK Bern City propose des studios modernes et des espaces communs pens\u00e9s pour les voyages d\u2019affaires, city trips et les longs s\u00e9jours.","breadcrumb":{"@id":"https:\/\/www.staykooook.com\/bern-city\/fr\/ville\/#breadcrumb"},"inLanguage":"fr-FR","potentialAction":[{"@type":"ReadAction","target":["https:\/\/www.staykooook.com\/bern-city\/fr\/ville\/"]}]},{"@type":"BreadcrumbList","@id":"https:\/\/www.staykooook.com\/bern-city\/fr\/ville\/#breadcrumb","itemListElement":[{"@type":"ListItem","position":1,"name":"Home","item":"https:\/\/www.staykooook.com\/bern-city\/fr\/"},{"@type":"ListItem","position":2,"name":"Ville"}]},{"@type":"WebSite","@id":"https:\/\/www.staykooook.com\/bern-city\/#website","url":"https:\/\/www.staykooook.com\/bern-city\/","name":"Bern City","description":"Just another KooooK site","potentialAction":[{"@type":"SearchAction","target":{"@type":"EntryPoint","urlTemplate":"https:\/\/www.staykooook.com\/bern-city\/?s={search_term_string}"},"query-input":{"@type":"PropertyValueSpecification","valueRequired":true,"valueName":"search_term_string"}}],"inLanguage":"fr-FR"}]}},"_links":{"self":[{"href":"https:\/\/www.staykooook.com\/bern-city\/fr\/wp-json\/wp\/v2\/pages\/21753","targetHints":{"allow":["GET"]}}],"collection":[{"href":"https:\/\/www.staykooook.com\/bern-city\/fr\/wp-json\/wp\/v2\/pages"}],"about":[{"href":"https:\/\/www.staykooook.com\/bern-city\/fr\/wp-json\/wp\/v2\/types\/page"}],"author":[{"embeddable":true,"href":"https:\/\/www.staykooook.com\/bern-city\/fr\/wp-json\/wp\/v2\/users\/1"}],"replies":[{"embeddable":true,"href":"https:\/\/www.staykooook.com\/bern-city\/fr\/wp-json\/wp\/v2\/comments?post=21753"}],"version-history":[{"count":0,"href":"https:\/\/www.staykooook.com\/bern-city\/fr\/wp-json\/wp\/v2\/pages\/21753\/revisions"}],"wp:attachment":[{"href":"https:\/\/www.staykooook.com\/bern-city\/fr\/wp-json\/wp\/v2\/media?parent=21753"}],"curies":[{"name":"wp","href":"https:\/\/api.w.org\/{rel}","templated":true}]}}