{"id":21962,"date":"2023-01-30T11:06:28","date_gmt":"2023-01-30T11:06:28","guid":{"rendered":"https:\/\/www.staykooook.com\/bern-wankdorf\/review\/"},"modified":"2026-02-10T09:16:39","modified_gmt":"2026-02-10T09:16:39","slug":"avis","status":"publish","type":"page","link":"https:\/\/www.staykooook.com\/bern-wankdorf\/fr\/avis\/","title":{"rendered":"Avis"},"content":{"rendered":"<h1 style=\"text-align: center;\">Stay KooooK Bern Wankdorf<\/h1>\n<p><!-- TrustYou Widget --><br \/>\n<iframe loading=\"lazy\" style=\"border: none;\" src=\"https:\/\/api.trustyou.com\/hotels\/226f8a58-3fb2-436e-b211-c362dbcb2fd4\/meta_review.html?key=53ddace8-fa79-4731-ae17-2f2b1a305352&amp;scale=5&amp;lang=fr&amp;custom_style={&quot;primaryColor&quot;:&quot;0xff6a13&quot;}\" width=\"100%\" height=\"1000\"><\/iframe><br \/>\n<!-- \/TrustYou Widget --><\/p>\n","protected":false},"excerpt":{"rendered":"<p>Stay KooooK Bern Wankdorf<\/p>\n","protected":false},"author":3,"featured_media":0,"parent":0,"menu_order":0,"comment_status":"closed","ping_status":"closed","template":"","meta":{"_acf_changed":false,"footnotes":""},"class_list":["post-21962","page","type-page","status-publish","hentry"],"acf":[],"yoast_head":"<!-- This site is optimized with the Yoast SEO plugin v27.1.1 - https:\/\/yoast.com\/product\/yoast-seo-wordpress\/ -->\n<title>Avis | Stay KooooK Bern Wankdorf<\/title>\n<meta name=\"description\" content=\"Voici ce que Stay KooooK Bern Wankdorf vous r\u00e9serve : d\u00e9couvrez ce que les clients disent de leur s\u00e9jour, du confort et de l&#039;ambiance.\" \/>\n<meta name=\"robots\" content=\"index, follow, max-snippet:-1, max-image-preview:large, max-video-preview:-1\" \/>\n<link rel=\"canonical\" href=\"https:\/\/www.staykooook.com\/bern-wankdorf\/fr\/avis\/\" \/>\n<meta property=\"og:locale\" content=\"fr_FR\" \/>\n<meta property=\"og:type\" content=\"article\" \/>\n<meta property=\"og:title\" content=\"Avis | Stay KooooK Bern Wankdorf\" \/>\n<meta property=\"og:description\" content=\"Voici ce que Stay KooooK Bern Wankdorf vous r\u00e9serve : d\u00e9couvrez ce que les clients disent de leur s\u00e9jour, du confort et de l&#039;ambiance.\" \/>\n<meta property=\"og:url\" content=\"https:\/\/www.staykooook.com\/bern-wankdorf\/fr\/avis\/\" \/>\n<meta property=\"og:site_name\" content=\"Bern Wankdorf\" \/>\n<meta property=\"article:modified_time\" content=\"2026-02-10T09:16:39+00:00\" \/>\n<meta name=\"twitter:card\" content=\"summary_large_image\" \/>\n<meta name=\"twitter:label1\" content=\"Dur\u00e9e de lecture estim\u00e9e\" \/>\n\t<meta name=\"twitter:data1\" content=\"1 minute\" \/>\n<script type=\"application\/ld+json\" class=\"yoast-schema-graph\">{\"@context\":\"https:\/\/schema.org\",\"@graph\":[{\"@type\":\"WebPage\",\"@id\":\"https:\/\/www.staykooook.com\/bern-wankdorf\/fr\/avis\/\",\"url\":\"https:\/\/www.staykooook.com\/bern-wankdorf\/fr\/avis\/\",\"name\":\"Avis | Stay KooooK Bern Wankdorf\",\"isPartOf\":{\"@id\":\"https:\/\/www.staykooook.com\/bern-wankdorf\/en\/#website\"},\"datePublished\":\"2023-01-30T11:06:28+00:00\",\"dateModified\":\"2026-02-10T09:16:39+00:00\",\"description\":\"Voici ce que Stay KooooK Bern Wankdorf vous r\u00e9serve : d\u00e9couvrez ce que les clients disent de leur s\u00e9jour, du confort et de l'ambiance.\",\"breadcrumb\":{\"@id\":\"https:\/\/www.staykooook.com\/bern-wankdorf\/fr\/avis\/#breadcrumb\"},\"inLanguage\":\"fr-FR\",\"potentialAction\":[{\"@type\":\"ReadAction\",\"target\":[\"https:\/\/www.staykooook.com\/bern-wankdorf\/fr\/avis\/\"]}]},{\"@type\":\"BreadcrumbList\",\"@id\":\"https:\/\/www.staykooook.com\/bern-wankdorf\/fr\/avis\/#breadcrumb\",\"itemListElement\":[{\"@type\":\"ListItem\",\"position\":1,\"name\":\"Home\",\"item\":\"https:\/\/www.staykooook.com\/bern-wankdorf\/fr\/\"},{\"@type\":\"ListItem\",\"position\":2,\"name\":\"Avis\"}]},{\"@type\":\"WebSite\",\"@id\":\"https:\/\/www.staykooook.com\/bern-wankdorf\/en\/#website\",\"url\":\"https:\/\/www.staykooook.com\/bern-wankdorf\/en\/\",\"name\":\"Bern Wankdorf\",\"description\":\"Just another KooooK site\",\"potentialAction\":[{\"@type\":\"SearchAction\",\"target\":{\"@type\":\"EntryPoint\",\"urlTemplate\":\"https:\/\/www.staykooook.com\/bern-wankdorf\/en\/?s={search_term_string}\"},\"query-input\":{\"@type\":\"PropertyValueSpecification\",\"valueRequired\":true,\"valueName\":\"search_term_string\"}}],\"inLanguage\":\"fr-FR\"}]}<\/script>\n<!-- \/ Yoast SEO plugin. -->","yoast_head_json":{"title":"Avis | Stay KooooK Bern Wankdorf","description":"Voici ce que Stay KooooK Bern Wankdorf vous r\u00e9serve : d\u00e9couvrez ce que les clients disent de leur s\u00e9jour, du confort et de l'ambiance.","robots":{"index":"index","follow":"follow","max-snippet":"max-snippet:-1","max-image-preview":"max-image-preview:large","max-video-preview":"max-video-preview:-1"},"canonical":"https:\/\/www.staykooook.com\/bern-wankdorf\/fr\/avis\/","og_locale":"fr_FR","og_type":"article","og_title":"Avis | Stay KooooK Bern Wankdorf","og_description":"Voici ce que Stay KooooK Bern Wankdorf vous r\u00e9serve : d\u00e9couvrez ce que les clients disent de leur s\u00e9jour, du confort et de l'ambiance.","og_url":"https:\/\/www.staykooook.com\/bern-wankdorf\/fr\/avis\/","og_site_name":"Bern Wankdorf","article_modified_time":"2026-02-10T09:16:39+00:00","twitter_card":"summary_large_image","twitter_misc":{"Dur\u00e9e de lecture estim\u00e9e":"1 minute"},"schema":{"@context":"https:\/\/schema.org","@graph":[{"@type":"WebPage","@id":"https:\/\/www.staykooook.com\/bern-wankdorf\/fr\/avis\/","url":"https:\/\/www.staykooook.com\/bern-wankdorf\/fr\/avis\/","name":"Avis | Stay KooooK Bern Wankdorf","isPartOf":{"@id":"https:\/\/www.staykooook.com\/bern-wankdorf\/en\/#website"},"datePublished":"2023-01-30T11:06:28+00:00","dateModified":"2026-02-10T09:16:39+00:00","description":"Voici ce que Stay KooooK Bern Wankdorf vous r\u00e9serve : d\u00e9couvrez ce que les clients disent de leur s\u00e9jour, du confort et de l'ambiance.","breadcrumb":{"@id":"https:\/\/www.staykooook.com\/bern-wankdorf\/fr\/avis\/#breadcrumb"},"inLanguage":"fr-FR","potentialAction":[{"@type":"ReadAction","target":["https:\/\/www.staykooook.com\/bern-wankdorf\/fr\/avis\/"]}]},{"@type":"BreadcrumbList","@id":"https:\/\/www.staykooook.com\/bern-wankdorf\/fr\/avis\/#breadcrumb","itemListElement":[{"@type":"ListItem","position":1,"name":"Home","item":"https:\/\/www.staykooook.com\/bern-wankdorf\/fr\/"},{"@type":"ListItem","position":2,"name":"Avis"}]},{"@type":"WebSite","@id":"https:\/\/www.staykooook.com\/bern-wankdorf\/en\/#website","url":"https:\/\/www.staykooook.com\/bern-wankdorf\/en\/","name":"Bern Wankdorf","description":"Just another KooooK site","potentialAction":[{"@type":"SearchAction","target":{"@type":"EntryPoint","urlTemplate":"https:\/\/www.staykooook.com\/bern-wankdorf\/en\/?s={search_term_string}"},"query-input":{"@type":"PropertyValueSpecification","valueRequired":true,"valueName":"search_term_string"}}],"inLanguage":"fr-FR"}]}},"_links":{"self":[{"href":"https:\/\/www.staykooook.com\/bern-wankdorf\/fr\/wp-json\/wp\/v2\/pages\/21962","targetHints":{"allow":["GET"]}}],"collection":[{"href":"https:\/\/www.staykooook.com\/bern-wankdorf\/fr\/wp-json\/wp\/v2\/pages"}],"about":[{"href":"https:\/\/www.staykooook.com\/bern-wankdorf\/fr\/wp-json\/wp\/v2\/types\/page"}],"author":[{"embeddable":true,"href":"https:\/\/www.staykooook.com\/bern-wankdorf\/fr\/wp-json\/wp\/v2\/users\/3"}],"replies":[{"embeddable":true,"href":"https:\/\/www.staykooook.com\/bern-wankdorf\/fr\/wp-json\/wp\/v2\/comments?post=21962"}],"version-history":[{"count":1,"href":"https:\/\/www.staykooook.com\/bern-wankdorf\/fr\/wp-json\/wp\/v2\/pages\/21962\/revisions"}],"predecessor-version":[{"id":22221,"href":"https:\/\/www.staykooook.com\/bern-wankdorf\/fr\/wp-json\/wp\/v2\/pages\/21962\/revisions\/22221"}],"wp:attachment":[{"href":"https:\/\/www.staykooook.com\/bern-wankdorf\/fr\/wp-json\/wp\/v2\/media?parent=21962"}],"curies":[{"name":"wp","href":"https:\/\/api.w.org\/{rel}","templated":true}]}}