{"id":183486,"date":"2019-07-12T08:53:16","date_gmt":"2019-07-12T07:53:16","guid":{"rendered":"https:\/\/www.staykooook.com\/impressum-disclaimer\/"},"modified":"2026-04-09T11:51:33","modified_gmt":"2026-04-09T09:51:33","slug":"impressum-disclaimer","status":"publish","type":"page","link":"https:\/\/www.staykooook.com\/fr\/impressum-disclaimer\/","title":{"rendered":"Mentions l\u00e9gales"},"content":{"rendered":"<h1>Mentions l\u00e9gales<\/h1>\n<p><strong>SV Hotel AG<\/strong><br \/>\nMemphispark<br \/>\nWallisellenstrasse 57<br \/>\nCase postale<br \/>\nCH-8600 D\u00fcbendorf 1<\/p>\n<p>T\u00e9l\u00e9phone <a style=\"color: #808080;font-weight: normal\" href=\"tel:+41438141111\">+41 43 814 11 11<\/a><br \/>\nT\u00e9l\u00e9fax <a style=\"color: #808080;font-weight: normal\" href=\"tel:+41438141112\">+41 43 814 11 12<\/a><br \/>\nE-Mail:\u00a0<a style=\"color: #808080;font-weight: normal\" href=\"mailto:info.hotel@sv-group.com\">info.hotel@sv-group.com<\/a><\/p>\n<p>&nbsp;<\/p>\n<h2>Disclaimer<\/h2>\n<p>Vous vous trouvez sur un site web de SV Group AG ou de l&rsquo;une de ses filiales. SV Group AG est une entreprise de services dont les comp\u00e9tences cl\u00e9s r\u00e9sident dans les domaines de la restauration et de la gestion h\u00f4teli\u00e8re, active en Suisse et en Allemagne.<\/p>\n<h4>Conditions d&rsquo;utilisation<\/h4>\n<p>En utilisant ce site web, vous acceptez les conditions d&rsquo;utilisation suivantes:<br \/>\nSV Group AG et ses filiales s&rsquo;efforcent de garantir l&rsquo;exactitude du contenu du site web, mais n&rsquo;assument aucune responsabilit\u00e9 ni ne donnent aucune garantie quant \u00e0 l&rsquo;actualit\u00e9, l&rsquo;exactitude ou l&rsquo;exhaustivit\u00e9 des informations fournies.<\/p>\n<p>Le contenu du site web est prot\u00e9g\u00e9 par le droit d&rsquo;auteur. Toutes les informations figurant sur ce site web sont la propri\u00e9t\u00e9 de SV Group AG et de ses filiales ou sont utilis\u00e9es avec l&rsquo;autorisation de tiers. L&rsquo;utilisation (diffusion, modification, publication, transmission, etc.) de ce contenu n\u00e9cessite l&rsquo;autorisation \u00e9crite de SV Group AG ou de l&rsquo;une de ses filiales. Toute infraction fera l&rsquo;objet de poursuites civiles et\/ou p\u00e9nales.<\/p>\n<p>SV Group AG et ses filiales n&rsquo;ont aucune influence sur le contenu et la conception des pages li\u00e9es. Seul l&rsquo;exploitant respectif de la page li\u00e9e en est responsable. SV Group AG et ses filiales s&rsquo;efforcent de supprimer imm\u00e9diatement les liens d\u00e8s qu&rsquo;elles ont connaissance d&rsquo;infractions commises sur les pages li\u00e9es.<\/p>\n<p>SV Group AG et ses filiales peuvent mettre \u00e0 jour les conditions d&rsquo;utilisation sans pr\u00e9avis.<\/p>\n<p>&nbsp;<\/p>\n<h4>Protection des donn\u00e9es<\/h4>\n<p>Pour plus de d\u00e9tails sur la protection de vos donn\u00e9es personnelles, veuillez consulter notre politique de confidentialit\u00e9 :<\/p>\n<p><a href=\"https:\/\/www.staykooook.com\/fr\/protection-des-donnees\/\" target=\"_blank\" rel=\"noopener\">Vers notre D\u00e9claration de protection des donn\u00e9es<\/a><\/p>\n","protected":false},"excerpt":{"rendered":"<p>Mentions l\u00e9gales SV Hotel AG Memphispark Wallisellenstrasse 57 Case postale CH-8600 D\u00fcbendorf 1 T\u00e9l\u00e9phone +41 43 814 11 11 T\u00e9l\u00e9fax&#8230;<\/p>\n","protected":false},"author":3,"featured_media":0,"parent":0,"menu_order":0,"comment_status":"closed","ping_status":"closed","template":"","meta":{"_acf_changed":false,"footnotes":""},"class_list":["post-183486","page","type-page","status-publish","hentry"],"acf":[],"yoast_head":"<!-- This site is optimized with the Yoast SEO plugin v27.1.1 - https:\/\/yoast.com\/product\/yoast-seo-wordpress\/ -->\n<title>Mentions l\u00e9gales | Stay KooooK<\/title>\n<meta name=\"description\" content=\"Tu trouveras ici les mentions l\u00e9gales et la clause de non-responsabilit\u00e9 de Stay KooooK avec les informations juridiques essentielles.\" \/>\n<meta name=\"robots\" content=\"index, follow, max-snippet:-1, max-image-preview:large, max-video-preview:-1\" \/>\n<link rel=\"canonical\" href=\"https:\/\/www.staykooook.com\/fr\/impressum-disclaimer\/\" \/>\n<meta property=\"og:locale\" content=\"fr_FR\" \/>\n<meta property=\"og:type\" content=\"article\" \/>\n<meta property=\"og:title\" content=\"Stay KooooK. Stay You.\" \/>\n<meta property=\"og:description\" content=\"Tu trouveras ici les mentions l\u00e9gales et la clause de non-responsabilit\u00e9 de Stay KooooK avec les informations juridiques essentielles.\" \/>\n<meta property=\"og:url\" content=\"https:\/\/www.staykooook.com\/fr\/impressum-disclaimer\/\" \/>\n<meta property=\"og:site_name\" content=\"Stay Kooook\" \/>\n<meta property=\"article:publisher\" content=\"https:\/\/www.facebook.com\/staykooook\/\" \/>\n<meta property=\"article:modified_time\" content=\"2026-04-09T09:51:33+00:00\" \/>\n<meta property=\"og:image\" content=\"https:\/\/www.staykooook.com\/wp-content\/uploads\/2020\/09\/Stay_KooooK_Studio_13_FR-e1771248816604.jpg\" \/>\n\t<meta property=\"og:image:width\" content=\"1613\" \/>\n\t<meta property=\"og:image:height\" content=\"973\" \/>\n\t<meta property=\"og:image:type\" content=\"image\/jpeg\" \/>\n<meta name=\"twitter:card\" content=\"summary_large_image\" \/>\n<meta name=\"twitter:label1\" content=\"Dur\u00e9e de lecture estim\u00e9e\" \/>\n\t<meta name=\"twitter:data1\" content=\"2 minutes\" \/>\n<script type=\"application\/ld+json\" class=\"yoast-schema-graph\">{\"@context\":\"https:\/\/schema.org\",\"@graph\":[{\"@type\":\"WebPage\",\"@id\":\"https:\/\/www.staykooook.com\/fr\/impressum-disclaimer\/\",\"url\":\"https:\/\/www.staykooook.com\/fr\/impressum-disclaimer\/\",\"name\":\"Mentions l\u00e9gales | Stay KooooK\",\"isPartOf\":{\"@id\":\"https:\/\/www.staykooook.com\/#website\"},\"datePublished\":\"2019-07-12T07:53:16+00:00\",\"dateModified\":\"2026-04-09T09:51:33+00:00\",\"description\":\"Tu trouveras ici les mentions l\u00e9gales et la clause de non-responsabilit\u00e9 de Stay KooooK avec les informations juridiques essentielles.\",\"breadcrumb\":{\"@id\":\"https:\/\/www.staykooook.com\/fr\/impressum-disclaimer\/#breadcrumb\"},\"inLanguage\":\"fr-FR\",\"potentialAction\":[{\"@type\":\"ReadAction\",\"target\":[\"https:\/\/www.staykooook.com\/fr\/impressum-disclaimer\/\"]}]},{\"@type\":\"BreadcrumbList\",\"@id\":\"https:\/\/www.staykooook.com\/fr\/impressum-disclaimer\/#breadcrumb\",\"itemListElement\":[{\"@type\":\"ListItem\",\"position\":1,\"name\":\"Home\",\"item\":\"https:\/\/www.staykooook.com\/fr\/\"},{\"@type\":\"ListItem\",\"position\":2,\"name\":\"Mentions l\u00e9gales\"}]},{\"@type\":\"WebSite\",\"@id\":\"https:\/\/www.staykooook.com\/#website\",\"url\":\"https:\/\/www.staykooook.com\/\",\"name\":\"Stay KooooK\",\"description\":\"Stay Kooook\",\"publisher\":{\"@id\":\"https:\/\/www.staykooook.com\/#organization\"},\"potentialAction\":[{\"@type\":\"SearchAction\",\"target\":{\"@type\":\"EntryPoint\",\"urlTemplate\":\"https:\/\/www.staykooook.com\/?s={search_term_string}\"},\"query-input\":{\"@type\":\"PropertyValueSpecification\",\"valueRequired\":true,\"valueName\":\"search_term_string\"}}],\"inLanguage\":\"fr-FR\"},{\"@type\":\"Organization\",\"@id\":\"https:\/\/www.staykooook.com\/#organization\",\"name\":\"Stay KooooK. Stay You.\",\"url\":\"https:\/\/www.staykooook.com\/\",\"logo\":{\"@type\":\"ImageObject\",\"inLanguage\":\"fr-FR\",\"@id\":\"https:\/\/www.staykooook.com\/#\/schema\/logo\/image\/\",\"url\":\"https:\/\/www.staykooook.com\/wp-content\/uploads\/2019\/08\/StayKooooK_Icon-Logo_RGB.png\",\"contentUrl\":\"https:\/\/www.staykooook.com\/wp-content\/uploads\/2019\/08\/StayKooooK_Icon-Logo_RGB.png\",\"width\":788,\"height\":595,\"caption\":\"Stay KooooK. Stay You.\"},\"image\":{\"@id\":\"https:\/\/www.staykooook.com\/#\/schema\/logo\/image\/\"},\"sameAs\":[\"https:\/\/www.facebook.com\/staykooook\/\",\"https:\/\/www.instagram.com\/staykooook\/\",\"https:\/\/www.youtube.com\/channel\/UCVgj6xnLvXva_KuwbWDluEg\"]}]}<\/script>\n<!-- \/ Yoast SEO plugin. -->","yoast_head_json":{"title":"Mentions l\u00e9gales | Stay KooooK","description":"Tu trouveras ici les mentions l\u00e9gales et la clause de non-responsabilit\u00e9 de Stay KooooK avec les informations juridiques essentielles.","robots":{"index":"index","follow":"follow","max-snippet":"max-snippet:-1","max-image-preview":"max-image-preview:large","max-video-preview":"max-video-preview:-1"},"canonical":"https:\/\/www.staykooook.com\/fr\/impressum-disclaimer\/","og_locale":"fr_FR","og_type":"article","og_title":"Stay KooooK. Stay You.","og_description":"Tu trouveras ici les mentions l\u00e9gales et la clause de non-responsabilit\u00e9 de Stay KooooK avec les informations juridiques essentielles.","og_url":"https:\/\/www.staykooook.com\/fr\/impressum-disclaimer\/","og_site_name":"Stay Kooook","article_publisher":"https:\/\/www.facebook.com\/staykooook\/","article_modified_time":"2026-04-09T09:51:33+00:00","og_image":[{"width":1613,"height":973,"url":"https:\/\/www.staykooook.com\/wp-content\/uploads\/2020\/09\/Stay_KooooK_Studio_13_FR-e1771248816604.jpg","type":"image\/jpeg"}],"twitter_card":"summary_large_image","twitter_misc":{"Dur\u00e9e de lecture estim\u00e9e":"2 minutes"},"schema":{"@context":"https:\/\/schema.org","@graph":[{"@type":"WebPage","@id":"https:\/\/www.staykooook.com\/fr\/impressum-disclaimer\/","url":"https:\/\/www.staykooook.com\/fr\/impressum-disclaimer\/","name":"Mentions l\u00e9gales | Stay KooooK","isPartOf":{"@id":"https:\/\/www.staykooook.com\/#website"},"datePublished":"2019-07-12T07:53:16+00:00","dateModified":"2026-04-09T09:51:33+00:00","description":"Tu trouveras ici les mentions l\u00e9gales et la clause de non-responsabilit\u00e9 de Stay KooooK avec les informations juridiques essentielles.","breadcrumb":{"@id":"https:\/\/www.staykooook.com\/fr\/impressum-disclaimer\/#breadcrumb"},"inLanguage":"fr-FR","potentialAction":[{"@type":"ReadAction","target":["https:\/\/www.staykooook.com\/fr\/impressum-disclaimer\/"]}]},{"@type":"BreadcrumbList","@id":"https:\/\/www.staykooook.com\/fr\/impressum-disclaimer\/#breadcrumb","itemListElement":[{"@type":"ListItem","position":1,"name":"Home","item":"https:\/\/www.staykooook.com\/fr\/"},{"@type":"ListItem","position":2,"name":"Mentions l\u00e9gales"}]},{"@type":"WebSite","@id":"https:\/\/www.staykooook.com\/#website","url":"https:\/\/www.staykooook.com\/","name":"Stay KooooK","description":"Stay Kooook","publisher":{"@id":"https:\/\/www.staykooook.com\/#organization"},"potentialAction":[{"@type":"SearchAction","target":{"@type":"EntryPoint","urlTemplate":"https:\/\/www.staykooook.com\/?s={search_term_string}"},"query-input":{"@type":"PropertyValueSpecification","valueRequired":true,"valueName":"search_term_string"}}],"inLanguage":"fr-FR"},{"@type":"Organization","@id":"https:\/\/www.staykooook.com\/#organization","name":"Stay KooooK. Stay You.","url":"https:\/\/www.staykooook.com\/","logo":{"@type":"ImageObject","inLanguage":"fr-FR","@id":"https:\/\/www.staykooook.com\/#\/schema\/logo\/image\/","url":"https:\/\/www.staykooook.com\/wp-content\/uploads\/2019\/08\/StayKooooK_Icon-Logo_RGB.png","contentUrl":"https:\/\/www.staykooook.com\/wp-content\/uploads\/2019\/08\/StayKooooK_Icon-Logo_RGB.png","width":788,"height":595,"caption":"Stay KooooK. Stay You."},"image":{"@id":"https:\/\/www.staykooook.com\/#\/schema\/logo\/image\/"},"sameAs":["https:\/\/www.facebook.com\/staykooook\/","https:\/\/www.instagram.com\/staykooook\/","https:\/\/www.youtube.com\/channel\/UCVgj6xnLvXva_KuwbWDluEg"]}]}},"_links":{"self":[{"href":"https:\/\/www.staykooook.com\/fr\/wp-json\/wp\/v2\/pages\/183486","targetHints":{"allow":["GET"]}}],"collection":[{"href":"https:\/\/www.staykooook.com\/fr\/wp-json\/wp\/v2\/pages"}],"about":[{"href":"https:\/\/www.staykooook.com\/fr\/wp-json\/wp\/v2\/types\/page"}],"author":[{"embeddable":true,"href":"https:\/\/www.staykooook.com\/fr\/wp-json\/wp\/v2\/users\/3"}],"replies":[{"embeddable":true,"href":"https:\/\/www.staykooook.com\/fr\/wp-json\/wp\/v2\/comments?post=183486"}],"version-history":[{"count":1,"href":"https:\/\/www.staykooook.com\/fr\/wp-json\/wp\/v2\/pages\/183486\/revisions"}],"predecessor-version":[{"id":184520,"href":"https:\/\/www.staykooook.com\/fr\/wp-json\/wp\/v2\/pages\/183486\/revisions\/184520"}],"wp:attachment":[{"href":"https:\/\/www.staykooook.com\/fr\/wp-json\/wp\/v2\/media?parent=183486"}],"curies":[{"name":"wp","href":"https:\/\/api.w.org\/{rel}","templated":true}]}}