{"id":22,"date":"2019-03-26T10:18:08","date_gmt":"2019-03-26T10:18:08","guid":{"rendered":"https:\/\/www.staykooook.com\/bern\/?page_id=22"},"modified":"2026-04-30T09:58:34","modified_gmt":"2026-04-30T08:58:34","slug":"home","status":"publish","type":"page","link":"https:\/\/www.staykooook.com\/munich-city\/","title":{"rendered":"Home"},"content":{"rendered":"","protected":false},"excerpt":{"rendered":"","protected":false},"author":1,"featured_media":0,"parent":0,"menu_order":0,"comment_status":"closed","ping_status":"closed","template":"page-locations.php","meta":{"_acf_changed":false,"footnotes":""},"class_list":["post-22","page","type-page","status-publish","hentry"],"acf":[],"yoast_head":"<!-- This site is optimized with the Yoast SEO plugin v27.1.1 - https:\/\/yoast.com\/product\/yoast-seo-wordpress\/ -->\n<title>Stay KooooK M\u00fcnchen City | Dein Zuhause auf Zeit<\/title>\n<meta name=\"description\" content=\"Stay KooooK Munich City steht f\u00fcr moderne Studios, gemeinschaftliche Bereiche und flexibles Wohnen \u2013 ideal f\u00fcr deinen Aufenthalt in M\u00fcnchen.\" \/>\n<meta name=\"robots\" content=\"index, follow, max-snippet:-1, max-image-preview:large, max-video-preview:-1\" \/>\n<link rel=\"canonical\" href=\"https:\/\/www.staykooook.com\/munich-city\/\" \/>\n<meta property=\"og:locale\" content=\"de_DE\" \/>\n<meta property=\"og:type\" content=\"article\" \/>\n<meta property=\"og:title\" content=\"Spannend, relaxt, gem\u00fctlich, das ist Bern - Stay KooooK Bern Wankdorf\" \/>\n<meta property=\"og:description\" content=\"Moderne, entspannte und flexible Studios f\u00fcr deinen Aufenthalt in Bern, eine Stadt mit UNESCO Weltkulturerbe. Stay KooooK. Stay You.\" \/>\n<meta property=\"og:url\" content=\"https:\/\/www.staykooook.com\/munich-city\/\" \/>\n<meta property=\"og:site_name\" content=\"Munich City\" \/>\n<meta property=\"article:modified_time\" content=\"2026-04-30T08:58:34+00:00\" \/>\n<meta name=\"twitter:card\" content=\"summary_large_image\" \/>\n<meta name=\"twitter:title\" content=\"Spannend, relaxt, gem\u00fctlich, das ist Bern - Stay KooooK Bern Wankdorf\" \/>\n<meta name=\"twitter:description\" content=\"Moderne, entspannte und flexible Studios f\u00fcr deinen Aufenthalt in Bern, eine Stadt mit UNESCO Weltkulturerbe. Stay KooooK. Stay You.\" \/>\n<meta name=\"twitter:label1\" content=\"Gesch\u00e4tzte Lesezeit\" \/>\n\t<meta name=\"twitter:data1\" content=\"8\u00a0Minuten\" \/>\n<script type=\"application\/ld+json\" class=\"yoast-schema-graph\">{\"@context\":\"https:\/\/schema.org\",\"@graph\":[{\"@type\":\"WebPage\",\"@id\":\"https:\/\/www.staykooook.com\/munich-city\/\",\"url\":\"https:\/\/www.staykooook.com\/munich-city\/\",\"name\":\"Stay KooooK M\u00fcnchen City | Dein Zuhause auf Zeit\",\"isPartOf\":{\"@id\":\"https:\/\/www.staykooook.com\/munich-city\/#website\"},\"datePublished\":\"2019-03-26T10:18:08+00:00\",\"dateModified\":\"2026-04-30T08:58:34+00:00\",\"description\":\"Stay KooooK Munich City steht f\u00fcr moderne Studios, gemeinschaftliche Bereiche und flexibles Wohnen \u2013 ideal f\u00fcr deinen Aufenthalt in M\u00fcnchen.\",\"breadcrumb\":{\"@id\":\"https:\/\/www.staykooook.com\/munich-city\/#breadcrumb\"},\"inLanguage\":\"de\",\"potentialAction\":[{\"@type\":\"ReadAction\",\"target\":[\"https:\/\/www.staykooook.com\/munich-city\/\"]}]},{\"@type\":\"BreadcrumbList\",\"@id\":\"https:\/\/www.staykooook.com\/munich-city\/#breadcrumb\",\"itemListElement\":[{\"@type\":\"ListItem\",\"position\":1,\"name\":\"Home\",\"item\":\"https:\/\/www.staykooook.com\/munich-city\/\"},{\"@type\":\"ListItem\",\"position\":2,\"name\":\"Home\"}]},{\"@type\":\"WebSite\",\"@id\":\"https:\/\/www.staykooook.com\/munich-city\/#website\",\"url\":\"https:\/\/www.staykooook.com\/munich-city\/\",\"name\":\"Munich City\",\"description\":\"Just another KooooK site\",\"potentialAction\":[{\"@type\":\"SearchAction\",\"target\":{\"@type\":\"EntryPoint\",\"urlTemplate\":\"https:\/\/www.staykooook.com\/munich-city\/?s={search_term_string}\"},\"query-input\":{\"@type\":\"PropertyValueSpecification\",\"valueRequired\":true,\"valueName\":\"search_term_string\"}}],\"inLanguage\":\"de\"}]}<\/script>\n<!-- \/ Yoast SEO plugin. -->","yoast_head_json":{"title":"Stay KooooK M\u00fcnchen City | Dein Zuhause auf Zeit","description":"Stay KooooK Munich City steht f\u00fcr moderne Studios, gemeinschaftliche Bereiche und flexibles Wohnen \u2013 ideal f\u00fcr deinen Aufenthalt in M\u00fcnchen.","robots":{"index":"index","follow":"follow","max-snippet":"max-snippet:-1","max-image-preview":"max-image-preview:large","max-video-preview":"max-video-preview:-1"},"canonical":"https:\/\/www.staykooook.com\/munich-city\/","og_locale":"de_DE","og_type":"article","og_title":"Spannend, relaxt, gem\u00fctlich, das ist Bern - Stay KooooK Bern Wankdorf","og_description":"Moderne, entspannte und flexible Studios f\u00fcr deinen Aufenthalt in Bern, eine Stadt mit UNESCO Weltkulturerbe. Stay KooooK. Stay You.","og_url":"https:\/\/www.staykooook.com\/munich-city\/","og_site_name":"Munich City","article_modified_time":"2026-04-30T08:58:34+00:00","twitter_card":"summary_large_image","twitter_title":"Spannend, relaxt, gem\u00fctlich, das ist Bern - Stay KooooK Bern Wankdorf","twitter_description":"Moderne, entspannte und flexible Studios f\u00fcr deinen Aufenthalt in Bern, eine Stadt mit UNESCO Weltkulturerbe. Stay KooooK. Stay You.","twitter_misc":{"Gesch\u00e4tzte Lesezeit":"8\u00a0Minuten"},"schema":{"@context":"https:\/\/schema.org","@graph":[{"@type":"WebPage","@id":"https:\/\/www.staykooook.com\/munich-city\/","url":"https:\/\/www.staykooook.com\/munich-city\/","name":"Stay KooooK M\u00fcnchen City | Dein Zuhause auf Zeit","isPartOf":{"@id":"https:\/\/www.staykooook.com\/munich-city\/#website"},"datePublished":"2019-03-26T10:18:08+00:00","dateModified":"2026-04-30T08:58:34+00:00","description":"Stay KooooK Munich City steht f\u00fcr moderne Studios, gemeinschaftliche Bereiche und flexibles Wohnen \u2013 ideal f\u00fcr deinen Aufenthalt in M\u00fcnchen.","breadcrumb":{"@id":"https:\/\/www.staykooook.com\/munich-city\/#breadcrumb"},"inLanguage":"de","potentialAction":[{"@type":"ReadAction","target":["https:\/\/www.staykooook.com\/munich-city\/"]}]},{"@type":"BreadcrumbList","@id":"https:\/\/www.staykooook.com\/munich-city\/#breadcrumb","itemListElement":[{"@type":"ListItem","position":1,"name":"Home","item":"https:\/\/www.staykooook.com\/munich-city\/"},{"@type":"ListItem","position":2,"name":"Home"}]},{"@type":"WebSite","@id":"https:\/\/www.staykooook.com\/munich-city\/#website","url":"https:\/\/www.staykooook.com\/munich-city\/","name":"Munich City","description":"Just another KooooK site","potentialAction":[{"@type":"SearchAction","target":{"@type":"EntryPoint","urlTemplate":"https:\/\/www.staykooook.com\/munich-city\/?s={search_term_string}"},"query-input":{"@type":"PropertyValueSpecification","valueRequired":true,"valueName":"search_term_string"}}],"inLanguage":"de"}]}},"_links":{"self":[{"href":"https:\/\/www.staykooook.com\/munich-city\/wp-json\/wp\/v2\/pages\/22","targetHints":{"allow":["GET"]}}],"collection":[{"href":"https:\/\/www.staykooook.com\/munich-city\/wp-json\/wp\/v2\/pages"}],"about":[{"href":"https:\/\/www.staykooook.com\/munich-city\/wp-json\/wp\/v2\/types\/page"}],"author":[{"embeddable":true,"href":"https:\/\/www.staykooook.com\/munich-city\/wp-json\/wp\/v2\/users\/1"}],"replies":[{"embeddable":true,"href":"https:\/\/www.staykooook.com\/munich-city\/wp-json\/wp\/v2\/comments?post=22"}],"version-history":[{"count":4,"href":"https:\/\/www.staykooook.com\/munich-city\/wp-json\/wp\/v2\/pages\/22\/revisions"}],"predecessor-version":[{"id":22231,"href":"https:\/\/www.staykooook.com\/munich-city\/wp-json\/wp\/v2\/pages\/22\/revisions\/22231"}],"wp:attachment":[{"href":"https:\/\/www.staykooook.com\/munich-city\/wp-json\/wp\/v2\/media?parent=22"}],"curies":[{"name":"wp","href":"https:\/\/api.w.org\/{rel}","templated":true}]}}